{"id":6414,"date":"2023-05-03T08:46:45","date_gmt":"2023-05-03T08:46:45","guid":{"rendered":"https:\/\/rome2024.org\/visa-pour-litalie\/"},"modified":"2023-06-10T09:26:34","modified_gmt":"2023-06-10T09:26:34","slug":"visa-pour-litalie","status":"publish","type":"page","link":"https:\/\/rome2024.org\/fr\/reception\/visa-pour-litalie\/","title":{"rendered":"Visa pour l&rsquo;Italie"},"content":{"rendered":"<div class=\"fusion-fullwidth fullwidth-box fusion-builder-row-1 fusion-flex-container nonhundred-percent-fullwidth non-hundred-percent-height-scrolling\" style=\"--awb-border-sizes-top:0px;--awb-border-sizes-bottom:0px;--awb-border-sizes-left:0px;--awb-border-sizes-right:0px;--awb-border-radius-top-left:0px;--awb-border-radius-top-right:0px;--awb-border-radius-bottom-right:0px;--awb-border-radius-bottom-left:0px;--awb-padding-top:120px;--awb-padding-bottom:120px;--awb-padding-top-medium:90px;--awb-padding-bottom-medium:90px;--awb-padding-top-small:40px;--awb-padding-bottom-small:80px;--awb-margin-bottom:0px;--awb-background-color:var(--awb-color1);\" ><div class=\"fusion-builder-row fusion-row fusion-flex-align-items-flex-start\" style=\"max-width:calc( 1200px + 100px );margin-left: calc(-100px \/ 2 );margin-right: calc(-100px \/ 2 );\"><div class=\"fusion-layout-column fusion_builder_column fusion-builder-column-0 awb-sticky awb-sticky-large fusion_builder_column_1_3 1_3 fusion-flex-column fusion-no-small-visibility\" style=\"--awb-padding-top:20px;--awb-padding-right:20px;--awb-padding-left:20px;--awb-overflow:hidden;--awb-bg-color:rgba(204,204,204,0.23);--awb-bg-position:right center;--awb-bg-size:cover;--awb-border-radius:10px 10px 10px 10px;--awb-width-large:33.333333333333%;--awb-margin-top-large:0px;--awb-spacing-right-large:50px;--awb-margin-bottom-large:20px;--awb-spacing-left-large:50px;--awb-width-medium:33.333333333333%;--awb-order-medium:0;--awb-spacing-right-medium:50px;--awb-spacing-left-medium:50px;--awb-width-small:100%;--awb-order-small:0;--awb-spacing-right-small:50px;--awb-spacing-left-small:50px;--awb-sticky-offset:230px;\"><div class=\"fusion-column-wrapper fusion-column-has-shadow fusion-flex-justify-content-flex-start fusion-content-layout-column\"><div class=\"fusion-title title fusion-title-1 fusion-sep-none fusion-title-text fusion-title-size-four\"><h4 class=\"title-heading-left\" style=\"margin:0;\">R\u00e9ception<\/h4><\/div><nav class=\"awb-menu awb-menu_column awb-menu_em-hover mobile-mode-collapse-to-button awb-menu_icons-left awb-menu_dc-yes mobile-trigger-fullwidth-off awb-menu_mobile-toggle awb-menu_indent-left mobile-size-full-absolute loading mega-menu-loading awb-menu_desktop awb-menu_dropdown awb-menu_expand-right awb-menu_transition-fade fusion-no-small-visibility\" style=\"--awb-gap:20px;--awb-items-padding-top:0px;--awb-active-color:var(--awb-color2);--awb-submenu-space:0;--awb-icons-size:20;--awb-main-justify-content:flex-start;--awb-mobile-justify:flex-start;--awb-mobile-caret-left:auto;--awb-mobile-caret-right:0;--awb-fusion-font-family-typography:inherit;--awb-fusion-font-style-typography:normal;--awb-fusion-font-weight-typography:400;--awb-fusion-font-family-submenu-typography:inherit;--awb-fusion-font-style-submenu-typography:normal;--awb-fusion-font-weight-submenu-typography:400;--awb-fusion-font-family-mobile-typography:inherit;--awb-fusion-font-style-mobile-typography:normal;--awb-fusion-font-weight-mobile-typography:400;\" aria-label=\"Menu\" data-breakpoint=\"0\" data-count=\"0\" data-transition-type=\"fade\" data-transition-time=\"300\"><ul id=\"menu-accoglienza-francese\" class=\"fusion-menu awb-menu__main-ul awb-menu__main-ul_column\"><li  id=\"menu-item-6602\"  class=\"menu-item menu-item-type-post_type menu-item-object-page menu-item-6602 awb-menu__li awb-menu__main-li awb-menu__main-li_regular\"  data-item-id=\"6602\"><span class=\"awb-menu__main-background-default awb-menu__main-background-default_fade\"><\/span><span class=\"awb-menu__main-background-active awb-menu__main-background-active_fade\"><\/span><a  href=\"https:\/\/rome2024.org\/fr\/reception\/partenaire-officiel-dhospitalite\/\" class=\"awb-menu__main-a awb-menu__main-a_regular fusion-flex-link\"><span class=\"awb-menu__i awb-menu__i_main fusion-megamenu-icon\"><i class=\"glyphicon fa-hotel fas\" aria-hidden=\"true\"><\/i><\/span><span class=\"menu-text\">Partenaire officiel d&rsquo;hospitalit\u00e9<\/span><\/a><\/li><li  id=\"menu-item-9540\"  class=\"menu-item menu-item-type-post_type menu-item-object-page menu-item-9540 awb-menu__li awb-menu__main-li awb-menu__main-li_regular\"  data-item-id=\"9540\"><span class=\"awb-menu__main-background-default awb-menu__main-background-default_fade\"><\/span><span class=\"awb-menu__main-background-active awb-menu__main-background-active_fade\"><\/span><a  href=\"https:\/\/rome2024.org\/fr\/reception\/reservation-dhotel\/\" class=\"awb-menu__main-a awb-menu__main-a_regular fusion-flex-link\"><span class=\"awb-menu__i awb-menu__i_main fusion-megamenu-icon\"><i class=\"glyphicon fa-bed fas\" aria-hidden=\"true\"><\/i><\/span><span class=\"menu-text\">R\u00e9servation d&rsquo;h\u00f4tel<\/span><\/a><\/li><li  id=\"menu-item-6603\"  class=\"menu-item menu-item-type-post_type menu-item-object-page menu-item-6603 awb-menu__li awb-menu__main-li awb-menu__main-li_regular\"  data-item-id=\"6603\"><span class=\"awb-menu__main-background-default awb-menu__main-background-default_fade\"><\/span><span class=\"awb-menu__main-background-active awb-menu__main-background-active_fade\"><\/span><a  href=\"https:\/\/rome2024.org\/fr\/reception\/services-de-cartes\/\" class=\"awb-menu__main-a awb-menu__main-a_regular fusion-flex-link\"><span class=\"awb-menu__i awb-menu__i_main fusion-megamenu-icon\"><i class=\"glyphicon fa-id-card fas\" aria-hidden=\"true\"><\/i><\/span><span class=\"menu-text\">Services de cartes<\/span><\/a><\/li><li  id=\"menu-item-6604\"  class=\"menu-item menu-item-type-post_type menu-item-object-page menu-item-6604 awb-menu__li awb-menu__main-li awb-menu__main-li_regular\"  data-item-id=\"6604\"><span class=\"awb-menu__main-background-default awb-menu__main-background-default_fade\"><\/span><span class=\"awb-menu__main-background-active awb-menu__main-background-active_fade\"><\/span><a  href=\"https:\/\/rome2024.org\/fr\/reception\/visa-pour-litalie\/\" class=\"awb-menu__main-a awb-menu__main-a_regular fusion-flex-link\"><span class=\"awb-menu__i awb-menu__i_main fusion-megamenu-icon\"><i class=\"glyphicon fa-digital-tachograph fas\" aria-hidden=\"true\"><\/i><\/span><span class=\"menu-text\">Visa pour l&rsquo;Italie<\/span><\/a><\/li><\/ul><\/nav><div class=\"fusion-image-element \" style=\"--awb-margin-top:30px;--awb-margin-right:-20px;--awb-margin-bottom:0px;--awb-margin-left:-20px;--awb-caption-title-size:var(--h2_typography-font-size);--awb-caption-title-transform:var(--h2_typography-text-transform);--awb-caption-title-line-height:var(--h2_typography-line-height);--awb-caption-title-letter-spacing:var(--h2_typography-letter-spacing);\"><span class=\" fusion-imageframe imageframe-none imageframe-1 hover-type-none\"><img decoding=\"async\" width=\"2560\" height=\"1707\" title=\"ROMA06\" src=\"https:\/\/rome2024.org\/wp-content\/uploads\/2023\/02\/ROMA06-scaled.jpg\" data-orig-src=\"https:\/\/rome2024.org\/wp-content\/uploads\/2023\/02\/ROMA06-scaled.jpg\" alt class=\"lazyload img-responsive wp-image-6157\" srcset=\"data:image\/svg+xml,%3Csvg%20xmlns%3D%27http%3A%2F%2Fwww.w3.org%2F2000%2Fsvg%27%20width%3D%272560%27%20height%3D%271707%27%20viewBox%3D%270%200%202560%201707%27%3E%3Crect%20width%3D%272560%27%20height%3D%271707%27%20fill-opacity%3D%220%22%2F%3E%3C%2Fsvg%3E\" data-srcset=\"https:\/\/rome2024.org\/wp-content\/uploads\/2023\/02\/ROMA06-200x133.jpg 200w, https:\/\/rome2024.org\/wp-content\/uploads\/2023\/02\/ROMA06-400x267.jpg 400w, https:\/\/rome2024.org\/wp-content\/uploads\/2023\/02\/ROMA06-600x400.jpg 600w, https:\/\/rome2024.org\/wp-content\/uploads\/2023\/02\/ROMA06-800x533.jpg 800w, https:\/\/rome2024.org\/wp-content\/uploads\/2023\/02\/ROMA06-1200x800.jpg 1200w, https:\/\/rome2024.org\/wp-content\/uploads\/2023\/02\/ROMA06-scaled.jpg 2560w\" data-sizes=\"auto\" data-orig-sizes=\"(max-width: 450px) 100vw, 400px\" \/><\/span><\/div><\/div><\/div>\n<div class=\"fusion-layout-column fusion_builder_column fusion-builder-column-1 fusion_builder_column_2_3 2_3 fusion-flex-column\" style=\"--awb-bg-size:cover;--awb-width-large:66.666666666667%;--awb-margin-top-large:0px;--awb-spacing-right-large:50px;--awb-margin-bottom-large:0px;--awb-spacing-left-large:50px;--awb-width-medium:66.666666666667%;--awb-order-medium:0;--awb-spacing-right-medium:50px;--awb-spacing-left-medium:50px;--awb-width-small:100%;--awb-order-small:0;--awb-spacing-right-small:50px;--awb-spacing-left-small:50px;\"><div class=\"fusion-column-wrapper fusion-column-has-shadow fusion-flex-justify-content-flex-start fusion-content-layout-column\"><div class=\"fusion-text fusion-text-1\"><p>Cliquez sur le lien suivant, <a href=\"https:\/\/vistoperitalia.esteri.it\/home\/en\"><br \/>\n  <b>https:\/\/vistoperitalia.esteri.it\/home\/en<\/b><br \/>\n<\/a> et suivez la proc\u00e9dure pour <b>savoir si vous devez demander un visa<\/b> en fonction de votre nationalit\u00e9, de votre pays de r\u00e9sidence, des raisons de votre visite et de la dur\u00e9e de votre s\u00e9jour.<\/p>\n<p><span style=\"font-weight: 400;\">Si vous avez besoin d&rsquo;un visa pour venir en Italie, le comit\u00e9 d&rsquo;organisation, une fois que vous aurez finalis\u00e9 votre demande d&rsquo;inscription \u00e0 l&rsquo;\u00e9v\u00e9nement, vous fournira toutes les informations et une<\/span> <b>lettre d&rsquo;invitation<\/b> \u00e0 pr\u00e9senter pour la demande \u00e0 l&rsquo;ambassade d&rsquo;Italie dans votre propre pays. <\/p>\n<p><span style=\"font-weight: 400;\">Le Comit\u00e9 d&rsquo;organisation fera tout son possible pour <\/span><b>faciliter la d\u00e9livrance des visas<\/b> par les ambassades, mais d\u00e9cline en tout \u00e9tat de cause toute responsabilit\u00e9 en cas de non-d\u00e9livrance malgr\u00e9 les documents pr\u00e9sent\u00e9s.<\/p>\n<p><span style=\"font-weight: 400;\">Il est fortement recommand\u00e9 de demander au Comit\u00e9 d&rsquo;organisation la lettre d&rsquo;invitation n\u00e9cessaire \u00e0 la demande de visa et de soumettre les documents n\u00e9cessaires \u00e0 l&rsquo;ambassade suffisamment \u00e0 l&rsquo;avance. <\/span><b>Il est \u00e9galement recommand\u00e9 d&rsquo;envoyer les documents n\u00e9cessaires \u00e0 l&rsquo;ambassade suffisamment \u00e0 l&rsquo;avance.<\/b><\/p>\n<p><b>Toutes les demandes de renseignements<\/b> \u00e0 ce sujet doivent \u00eatre envoy\u00e9es \u00e0 l&rsquo;adresse \u00e9lectronique suivante : <a href=\"mailto:info@rome2024.org\"><br \/>\n  <b>info@rome2024.org<\/b><br \/>\n<\/a><\/p>\n<p style=\"font-weight: 400;\">Les personnes int\u00e9ress\u00e9es peuvent obtenir de plus amples informations aupr\u00e8s de l&rsquo;ambassade ou du consulat italien comp\u00e9tent pour leur lieu de r\u00e9sidence permanente.<\/p>\n<p style=\"font-weight: 400;\">\u00c0 l&rsquo;entr\u00e9e en Italie et dans l&rsquo;espace Schengen, m\u00eame si vous avez un visa, les autorit\u00e9s frontali\u00e8res sont autoris\u00e9es \u00e0 rev\u00e9rifier les documents requis pour la d\u00e9livrance d&rsquo;un visa.<\/p>\n<\/div><\/div><\/div><\/div><\/div>\n","protected":false},"excerpt":{"rendered":"","protected":false},"author":1,"featured_media":0,"parent":10028,"menu_order":0,"comment_status":"closed","ping_status":"closed","template":"100-width.php","meta":{"footnotes":""},"class_list":["post-6414","page","type-page","status-publish","hentry"],"_links":{"self":[{"href":"https:\/\/rome2024.org\/fr\/wp-json\/wp\/v2\/pages\/6414","targetHints":{"allow":["GET"]}}],"collection":[{"href":"https:\/\/rome2024.org\/fr\/wp-json\/wp\/v2\/pages"}],"about":[{"href":"https:\/\/rome2024.org\/fr\/wp-json\/wp\/v2\/types\/page"}],"author":[{"embeddable":true,"href":"https:\/\/rome2024.org\/fr\/wp-json\/wp\/v2\/users\/1"}],"replies":[{"embeddable":true,"href":"https:\/\/rome2024.org\/fr\/wp-json\/wp\/v2\/comments?post=6414"}],"version-history":[{"count":0,"href":"https:\/\/rome2024.org\/fr\/wp-json\/wp\/v2\/pages\/6414\/revisions"}],"up":[{"embeddable":true,"href":"https:\/\/rome2024.org\/fr\/wp-json\/wp\/v2\/pages\/10028"}],"wp:attachment":[{"href":"https:\/\/rome2024.org\/fr\/wp-json\/wp\/v2\/media?parent=6414"}],"curies":[{"name":"wp","href":"https:\/\/api.w.org\/{rel}","templated":true}]}}