{"id":6476,"date":"2023-05-23T09:24:15","date_gmt":"2023-05-23T09:24:15","guid":{"rendered":"https:\/\/rome2024.org\/zone-commerciale\/"},"modified":"2023-10-18T10:00:24","modified_gmt":"2023-10-18T10:00:24","slug":"zone-commerciale","status":"publish","type":"page","link":"https:\/\/rome2024.org\/fr\/lieu\/zone-commerciale\/","title":{"rendered":"Zone commerciale"},"content":{"rendered":"<div class=\"fusion-fullwidth fullwidth-box fusion-builder-row-1 fusion-flex-container nonhundred-percent-fullwidth non-hundred-percent-height-scrolling\" style=\"--awb-border-sizes-top:0px;--awb-border-sizes-bottom:0px;--awb-border-sizes-left:0px;--awb-border-sizes-right:0px;--awb-border-radius-top-left:0px;--awb-border-radius-top-right:0px;--awb-border-radius-bottom-right:0px;--awb-border-radius-bottom-left:0px;--awb-padding-top:120px;--awb-padding-bottom:120px;--awb-padding-top-medium:90px;--awb-padding-bottom-medium:90px;--awb-padding-top-small:40px;--awb-padding-bottom-small:80px;--awb-margin-bottom:0px;--awb-background-color:var(--awb-color1);\" ><div class=\"fusion-builder-row fusion-row fusion-flex-align-items-flex-start\" style=\"max-width:calc( 1200px + 100px );margin-left: calc(-100px \/ 2 );margin-right: calc(-100px \/ 2 );\"><div class=\"fusion-layout-column fusion_builder_column fusion-builder-column-0 awb-sticky awb-sticky-large fusion_builder_column_1_3 1_3 fusion-flex-column fusion-no-small-visibility\" style=\"--awb-padding-top:20px;--awb-padding-right:20px;--awb-padding-left:20px;--awb-overflow:hidden;--awb-bg-color:rgba(204,204,204,0.23);--awb-bg-size:cover;--awb-border-radius:10px 10px 10px 10px;--awb-width-large:33.333333333333%;--awb-margin-top-large:0px;--awb-spacing-right-large:50px;--awb-margin-bottom-large:20px;--awb-spacing-left-large:50px;--awb-width-medium:33.333333333333%;--awb-order-medium:0;--awb-spacing-right-medium:50px;--awb-spacing-left-medium:50px;--awb-width-small:100%;--awb-order-small:0;--awb-spacing-right-small:50px;--awb-spacing-left-small:50px;--awb-sticky-offset:230px;\"><div class=\"fusion-column-wrapper fusion-column-has-shadow fusion-flex-justify-content-flex-start fusion-content-layout-column\"><div class=\"fusion-title title fusion-title-1 fusion-sep-none fusion-title-text fusion-title-size-four\"><h4 class=\"title-heading-left\" style=\"margin:0;\">Lieu<\/h4><\/div><nav class=\"awb-menu awb-menu_column awb-menu_em-hover mobile-mode-collapse-to-button awb-menu_icons-left awb-menu_dc-yes mobile-trigger-fullwidth-off awb-menu_mobile-toggle awb-menu_indent-left mobile-size-full-absolute loading mega-menu-loading awb-menu_desktop awb-menu_dropdown awb-menu_expand-right awb-menu_transition-fade fusion-no-small-visibility\" style=\"--awb-gap:20px;--awb-items-padding-top:0px;--awb-active-color:var(--awb-color2);--awb-submenu-space:0;--awb-icons-size:20;--awb-main-justify-content:flex-start;--awb-mobile-justify:flex-start;--awb-mobile-caret-left:auto;--awb-mobile-caret-right:0;--awb-fusion-font-family-typography:inherit;--awb-fusion-font-style-typography:normal;--awb-fusion-font-weight-typography:400;--awb-fusion-font-family-submenu-typography:inherit;--awb-fusion-font-style-submenu-typography:normal;--awb-fusion-font-weight-submenu-typography:400;--awb-fusion-font-family-mobile-typography:inherit;--awb-fusion-font-style-mobile-typography:normal;--awb-fusion-font-weight-mobile-typography:400;\" aria-label=\"Menu\" data-breakpoint=\"0\" data-count=\"0\" data-transition-type=\"fade\" data-transition-time=\"300\"><ul id=\"menu-sede-di-gara-francese\" class=\"fusion-menu awb-menu__main-ul awb-menu__main-ul_column\"><li  id=\"menu-item-6575\"  class=\"menu-item menu-item-type-post_type menu-item-object-page menu-item-6575 awb-menu__li awb-menu__main-li awb-menu__main-li_regular\"  data-item-id=\"6575\"><span class=\"awb-menu__main-background-default awb-menu__main-background-default_fade\"><\/span><span class=\"awb-menu__main-background-active awb-menu__main-background-active_fade\"><\/span><a  href=\"https:\/\/rome2024.org\/fr\/lieu\/foire-de-rome\/\" class=\"awb-menu__main-a awb-menu__main-a_regular fusion-flex-link\"><span class=\"awb-menu__i awb-menu__i_main fusion-megamenu-icon\"><i class=\"glyphicon fa-city fas\" aria-hidden=\"true\"><\/i><\/span><span class=\"menu-text\">Foire de Rome<\/span><\/a><\/li><li  id=\"menu-item-6576\"  class=\"menu-item menu-item-type-post_type menu-item-object-page menu-item-6576 awb-menu__li awb-menu__main-li awb-menu__main-li_regular\"  data-item-id=\"6576\"><span class=\"awb-menu__main-background-default awb-menu__main-background-default_fade\"><\/span><span class=\"awb-menu__main-background-active awb-menu__main-background-active_fade\"><\/span><a  href=\"https:\/\/rome2024.org\/fr\/lieu\/mise-en-place\/\" class=\"awb-menu__main-a awb-menu__main-a_regular fusion-flex-link\"><span class=\"awb-menu__i awb-menu__i_main fusion-megamenu-icon\"><i class=\"glyphicon fa-layer-group fas\" aria-hidden=\"true\"><\/i><\/span><span class=\"menu-text\">Mise en place<\/span><\/a><\/li><li  id=\"menu-item-6577\"  class=\"menu-item menu-item-type-post_type menu-item-object-page menu-item-6577 awb-menu__li awb-menu__main-li awb-menu__main-li_regular\"  data-item-id=\"6577\"><span class=\"awb-menu__main-background-default awb-menu__main-background-default_fade\"><\/span><span class=\"awb-menu__main-background-active awb-menu__main-background-active_fade\"><\/span><a  href=\"https:\/\/rome2024.org\/fr\/lieu\/places-de-parking\/\" class=\"awb-menu__main-a awb-menu__main-a_regular fusion-flex-link\"><span class=\"awb-menu__i awb-menu__i_main fusion-megamenu-icon\"><i class=\"glyphicon fa-parking fas\" aria-hidden=\"true\"><\/i><\/span><span class=\"menu-text\">Places de parking<\/span><\/a><\/li><li  id=\"menu-item-6578\"  class=\"menu-item menu-item-type-post_type menu-item-object-page menu-item-6578 awb-menu__li awb-menu__main-li awb-menu__main-li_regular\"  data-item-id=\"6578\"><span class=\"awb-menu__main-background-default awb-menu__main-background-default_fade\"><\/span><span class=\"awb-menu__main-background-active awb-menu__main-background-active_fade\"><\/span><a  href=\"https:\/\/rome2024.org\/fr\/lieu\/restauration\/\" class=\"awb-menu__main-a awb-menu__main-a_regular fusion-flex-link\"><span class=\"awb-menu__i awb-menu__i_main fusion-megamenu-icon\"><i class=\"glyphicon fa-utensils fas\" aria-hidden=\"true\"><\/i><\/span><span class=\"menu-text\">Restauration<\/span><\/a><\/li><li  id=\"menu-item-6579\"  class=\"menu-item menu-item-type-post_type menu-item-object-page menu-item-6579 awb-menu__li awb-menu__main-li awb-menu__main-li_regular\"  data-item-id=\"6579\"><span class=\"awb-menu__main-background-default awb-menu__main-background-default_fade\"><\/span><span class=\"awb-menu__main-background-active awb-menu__main-background-active_fade\"><\/span><a  href=\"https:\/\/rome2024.org\/fr\/lieu\/durabilite\/\" class=\"awb-menu__main-a awb-menu__main-a_regular fusion-flex-link\"><span class=\"awb-menu__i awb-menu__i_main fusion-megamenu-icon\"><i class=\"glyphicon fa-leaf fas\" aria-hidden=\"true\"><\/i><\/span><span class=\"menu-text\">Durabilit\u00e9<\/span><\/a><\/li><li  id=\"menu-item-6580\"  class=\"menu-item menu-item-type-post_type menu-item-object-page menu-item-6580 awb-menu__li awb-menu__main-li awb-menu__main-li_regular\"  data-item-id=\"6580\"><span class=\"awb-menu__main-background-default awb-menu__main-background-default_fade\"><\/span><span class=\"awb-menu__main-background-active awb-menu__main-background-active_fade\"><\/span><a  href=\"https:\/\/rome2024.org\/fr\/lieu\/zone-commerciale\/\" class=\"awb-menu__main-a awb-menu__main-a_regular fusion-flex-link\"><span class=\"awb-menu__i awb-menu__i_main fusion-megamenu-icon\"><i class=\"glyphicon fa-dumpster fas\" aria-hidden=\"true\"><\/i><\/span><span class=\"menu-text\">Zone commerciale<\/span><\/a><\/li><li  id=\"menu-item-6581\"  class=\"menu-item menu-item-type-post_type menu-item-object-page menu-item-6581 awb-menu__li awb-menu__main-li awb-menu__main-li_regular\"  data-item-id=\"6581\"><span class=\"awb-menu__main-background-default awb-menu__main-background-default_fade\"><\/span><span class=\"awb-menu__main-background-active awb-menu__main-background-active_fade\"><\/span><a  href=\"https:\/\/rome2024.org\/fr\/lieu\/fan-village\/\" class=\"awb-menu__main-a awb-menu__main-a_regular fusion-flex-link\"><span class=\"awb-menu__i awb-menu__i_main fusion-megamenu-icon\"><i class=\"glyphicon fa-play fas\" aria-hidden=\"true\"><\/i><\/span><span class=\"menu-text\">Fan Village<\/span><\/a><\/li><\/ul><\/nav><div class=\"fusion-image-element \" style=\"--awb-margin-top:30px;--awb-margin-right:-20px;--awb-margin-bottom:0px;--awb-margin-left:-20px;--awb-caption-title-size:var(--h2_typography-font-size);--awb-caption-title-transform:var(--h2_typography-text-transform);--awb-caption-title-line-height:var(--h2_typography-line-height);--awb-caption-title-letter-spacing:var(--h2_typography-letter-spacing);\"><span class=\" fusion-imageframe imageframe-none imageframe-1 hover-type-none\"><img decoding=\"async\" width=\"1440\" height=\"960\" title=\"FieraDiRoma_001-2-2\" src=\"https:\/\/rome2024.org\/wp-content\/uploads\/2023\/07\/FieraDiRoma_001-2-2.jpeg\" data-orig-src=\"https:\/\/rome2024.org\/wp-content\/uploads\/2023\/07\/FieraDiRoma_001-2-2.jpeg\" alt class=\"lazyload img-responsive wp-image-13928\" srcset=\"data:image\/svg+xml,%3Csvg%20xmlns%3D%27http%3A%2F%2Fwww.w3.org%2F2000%2Fsvg%27%20width%3D%271440%27%20height%3D%27960%27%20viewBox%3D%270%200%201440%20960%27%3E%3Crect%20width%3D%271440%27%20height%3D%27960%27%20fill-opacity%3D%220%22%2F%3E%3C%2Fsvg%3E\" data-srcset=\"https:\/\/rome2024.org\/wp-content\/uploads\/2023\/07\/FieraDiRoma_001-2-2-200x133.jpeg 200w, https:\/\/rome2024.org\/wp-content\/uploads\/2023\/07\/FieraDiRoma_001-2-2-400x267.jpeg 400w, https:\/\/rome2024.org\/wp-content\/uploads\/2023\/07\/FieraDiRoma_001-2-2-600x400.jpeg 600w, https:\/\/rome2024.org\/wp-content\/uploads\/2023\/07\/FieraDiRoma_001-2-2-800x533.jpeg 800w, https:\/\/rome2024.org\/wp-content\/uploads\/2023\/07\/FieraDiRoma_001-2-2-1200x800.jpeg 1200w, https:\/\/rome2024.org\/wp-content\/uploads\/2023\/07\/FieraDiRoma_001-2-2.jpeg 1440w\" data-sizes=\"auto\" data-orig-sizes=\"(max-width: 450px) 100vw, 400px\" \/><\/span><\/div><\/div><\/div>\n<div class=\"fusion-layout-column fusion_builder_column fusion-builder-column-1 fusion_builder_column_2_3 2_3 fusion-flex-column\" style=\"--awb-bg-size:cover;--awb-width-large:66.666666666667%;--awb-margin-top-large:0px;--awb-spacing-right-large:50px;--awb-margin-bottom-large:20px;--awb-spacing-left-large:50px;--awb-width-medium:66.666666666667%;--awb-order-medium:0;--awb-spacing-right-medium:50px;--awb-spacing-left-medium:50px;--awb-width-small:100%;--awb-order-small:0;--awb-spacing-right-small:50px;--awb-spacing-left-small:50px;\"><div class=\"fusion-column-wrapper fusion-column-has-shadow fusion-flex-justify-content-flex-start fusion-content-layout-column\"><div class=\"fusion-text fusion-text-1\" style=\"--awb-font-size:var(--awb-typography4-font-size);--awb-line-height:var(--awb-typography4-line-height);--awb-letter-spacing:var(--awb-typography4-letter-spacing);--awb-text-transform:var(--awb-typography4-text-transform);--awb-text-font-family:var(--awb-typography4-font-family);--awb-text-font-weight:var(--awb-typography4-font-weight);--awb-text-font-style:var(--awb-typography4-font-style);\"><p>\u00c0 l&rsquo;int\u00e9rieur de l&rsquo;installation de comp\u00e9tition, pendant les pauses du tournoi, tous les participants peuvent se promener dans la grande salle de r\u00e9union.  <b>Zone commerciale<\/b> qui sera install\u00e9e dans un endroit particuli\u00e8rement visible et qui accueillera  <b>non seulement les entreprises du secteur<\/b> de l&rsquo;exposition et de la vente de produits sp\u00e9cifiques au tennis  <b>mais aussi les sponsors\/partenaires<\/b> du WMC Rome 2024 et les entreprises nationales et\/ou internationales qui, compte tenu de l&rsquo;importante participation attendue, voudront \u00eatre pr\u00e9sentes \u00e0 l&rsquo;\u00e9v\u00e9nement pour faire de la publicit\u00e9. <b>conna\u00eetre et\/ou vendre leurs produits.<\/b><\/p>\n<p>Les entreprises int\u00e9ress\u00e9es par la location d&rsquo;un espace d&rsquo;exposition sont invit\u00e9es \u00e0 consulter les fiches techniques dans les <i>informations <\/i>ci-dessous.<br \/>Pour <b>plus d&rsquo;informations <\/b>ou pour r\u00e9server d\u00e8s maintenant un espace d&rsquo;exposition dans l&rsquo;espace de vente, veuillez envoyer un courriel \u00e0 <a href=\"mailto:marketing@rome2024.org\" style=\"color: rgb(29, 36, 226);\"><b>marketing@rome2024.org<\/b><\/a><span style=\"color: rgb(29, 36, 226);\"> <\/span>rappelant que l&rsquo;attribution des places se fera jusqu&rsquo;\u00e0 \u00e9puisement des disponibilit\u00e9s, en donnant la priorit\u00e9 \u00e0 ceux qui soumettent leur demande en premier.<\/p>\n<\/div><div class=\"fusion-content-boxes content-boxes columns row fusion-columns-1 fusion-columns-total-1 fusion-content-boxes-1 content-boxes-icon-with-title content-left\" style=\"--awb-hover-accent-color:#1c75bc;--awb-circle-hover-accent-color:#1c75bc;--awb-item-margin-bottom:40px;\" data-animationOffset=\"top-into-view\"><div style=\"--awb-backgroundcolor:var(--awb-color3);\" class=\"fusion-column content-box-column content-box-column content-box-column-1 col-lg-12 col-md-12 col-sm-12 fusion-content-box-hover content-box-column-last content-box-column-last-in-row\"><div class=\"col content-box-wrapper content-wrapper-background link-area-link-icon content-icon-wrapper-yes icon-hover-animation-none\" data-animationOffset=\"top-into-view\"><div class=\"heading icon-left\"><h2 class=\"content-box-heading\" style=\"--h2_typography-font-size:24px;line-height:29px;\">INFORMATIONS<\/h2><\/div><div class=\"fusion-clearfix\"><\/div><div class=\"content-container\">\n<ul>\n<li><a href=\"https:\/\/rome2024.org\/wp-content\/uploads\/2023\/10\/WMC_Rome2024_SCHEDA-TECNICA_ITA.pdf\"><strong><a href=\"https:\/\/rome2024.org\/wp-content\/uploads\/2023\/10\/WMC_Rome2024_SCHEDA-TECNICA_ITA_.pdf\">INFORMATIONS TECHNIQUES (ITA)<\/a><\/strong><\/a><\/li>\n<li><a href=\"https:\/\/rome2024.org\/wp-content\/uploads\/2023\/10\/WMC_Rome2024_mod_-dom_-esposit_ITA_.pdf\"><strong>FORMULAIRE DE DEMANDE D&rsquo;INSCRIPTION POUR LES EXPOSANTS (ITA)<\/strong><\/a><\/li>\n<li><a href=\"https:\/\/rome2024.org\/wp-content\/uploads\/2023\/10\/WMC_Rome2024_exhib_TECHNICAL_INFO_ENG_.pdf\"><strong>INFORMATIONS TECHNIQUES (ENG)<\/strong><\/a><\/li>\n<li><strong><a href=\"https:\/\/rome2024.org\/wp-content\/uploads\/2023\/10\/WMC_Rome2024_exhib_request_form_ENG_.pdf\">FORMULAIRE DE DEMANDE POUR LES EXPOSANTS (ENG)<\/a><\/strong><\/li>\n<\/ul>\n<\/div><\/div><\/div><div class=\"fusion-clearfix\"><\/div><\/div><div class=\"fusion-image-element \" style=\"--awb-aspect-ratio:16 \/ 9;--awb-caption-title-size:var(--h2_typography-font-size);--awb-caption-title-transform:var(--h2_typography-text-transform);--awb-caption-title-line-height:var(--h2_typography-line-height);--awb-caption-title-letter-spacing:var(--h2_typography-letter-spacing);\"><span class=\" fusion-imageframe imageframe-none imageframe-2 hover-type-none has-aspect-ratio\"><img decoding=\"async\" width=\"850\" height=\"566\" title=\"ttg_2020_pubblico_0615\" src=\"https:\/\/rome2024.org\/wp-content\/uploads\/2023\/05\/ttg_2020_pubblico_0615.jpg\" data-orig-src=\"https:\/\/rome2024.org\/wp-content\/uploads\/2023\/05\/ttg_2020_pubblico_0615.jpg\" class=\"lazyload img-responsive wp-image-6349 img-with-aspect-ratio\" alt srcset=\"data:image\/svg+xml,%3Csvg%20xmlns%3D%27http%3A%2F%2Fwww.w3.org%2F2000%2Fsvg%27%20width%3D%27850%27%20height%3D%27566%27%20viewBox%3D%270%200%20850%20566%27%3E%3Crect%20width%3D%27850%27%20height%3D%27566%27%20fill-opacity%3D%220%22%2F%3E%3C%2Fsvg%3E\" data-srcset=\"https:\/\/rome2024.org\/wp-content\/uploads\/2023\/05\/ttg_2020_pubblico_0615-200x133.jpg 200w, https:\/\/rome2024.org\/wp-content\/uploads\/2023\/05\/ttg_2020_pubblico_0615-400x266.jpg 400w, https:\/\/rome2024.org\/wp-content\/uploads\/2023\/05\/ttg_2020_pubblico_0615-600x400.jpg 600w, https:\/\/rome2024.org\/wp-content\/uploads\/2023\/05\/ttg_2020_pubblico_0615-800x533.jpg 800w, https:\/\/rome2024.org\/wp-content\/uploads\/2023\/05\/ttg_2020_pubblico_0615.jpg 850w\" data-sizes=\"auto\" data-orig-sizes=\"(max-width: 450px) 100vw, 800px\" \/><\/span><\/div><\/div><\/div><\/div><\/div>\n","protected":false},"excerpt":{"rendered":"","protected":false},"author":1,"featured_media":0,"parent":6533,"menu_order":0,"comment_status":"closed","ping_status":"closed","template":"100-width.php","meta":{"footnotes":""},"class_list":["post-6476","page","type-page","status-publish","hentry"],"_links":{"self":[{"href":"https:\/\/rome2024.org\/fr\/wp-json\/wp\/v2\/pages\/6476","targetHints":{"allow":["GET"]}}],"collection":[{"href":"https:\/\/rome2024.org\/fr\/wp-json\/wp\/v2\/pages"}],"about":[{"href":"https:\/\/rome2024.org\/fr\/wp-json\/wp\/v2\/types\/page"}],"author":[{"embeddable":true,"href":"https:\/\/rome2024.org\/fr\/wp-json\/wp\/v2\/users\/1"}],"replies":[{"embeddable":true,"href":"https:\/\/rome2024.org\/fr\/wp-json\/wp\/v2\/comments?post=6476"}],"version-history":[{"count":0,"href":"https:\/\/rome2024.org\/fr\/wp-json\/wp\/v2\/pages\/6476\/revisions"}],"up":[{"embeddable":true,"href":"https:\/\/rome2024.org\/fr\/wp-json\/wp\/v2\/pages\/6533"}],"wp:attachment":[{"href":"https:\/\/rome2024.org\/fr\/wp-json\/wp\/v2\/media?parent=6476"}],"curies":[{"name":"wp","href":"https:\/\/api.w.org\/{rel}","templated":true}]}}