{"id":7008,"date":"2023-06-05T13:31:19","date_gmt":"2023-06-05T13:31:19","guid":{"rendered":"https:\/\/rome2024.org\/hotel-residence-le-torri-3-sup\/"},"modified":"2023-07-06T10:06:17","modified_gmt":"2023-07-06T10:06:17","slug":"hotel-residence-le-torri-3-sup","status":"publish","type":"page","link":"https:\/\/rome2024.org\/fr\/reception\/hotel-residence-le-torri-3-sup\/","title":{"rendered":"Hotel Residence Le Torri 3* Sup"},"content":{"rendered":"<div class=\"fusion-fullwidth fullwidth-box fusion-builder-row-1 fusion-flex-container nonhundred-percent-fullwidth non-hundred-percent-height-scrolling\" style=\"--awb-border-sizes-top:0px;--awb-border-sizes-bottom:0px;--awb-border-sizes-left:0px;--awb-border-sizes-right:0px;--awb-border-radius-top-left:0px;--awb-border-radius-top-right:0px;--awb-border-radius-bottom-right:0px;--awb-border-radius-bottom-left:0px;--awb-padding-top:120px;--awb-padding-bottom:120px;--awb-padding-top-medium:90px;--awb-padding-bottom-medium:90px;--awb-padding-top-small:40px;--awb-padding-bottom-small:80px;--awb-margin-bottom:0px;--awb-background-color:var(--awb-color1);\" ><div class=\"fusion-builder-row fusion-row fusion-flex-align-items-flex-start\" style=\"max-width:calc( 1200px + 100px );margin-left: calc(-100px \/ 2 );margin-right: calc(-100px \/ 2 );\"><div class=\"fusion-layout-column fusion_builder_column fusion-builder-column-0 awb-sticky awb-sticky-large fusion_builder_column_1_3 1_3 fusion-flex-column fusion-no-small-visibility\" style=\"--awb-padding-top:20px;--awb-padding-right:20px;--awb-padding-left:20px;--awb-overflow:hidden;--awb-bg-color:rgba(204,204,204,0.23);--awb-bg-position:right center;--awb-bg-size:cover;--awb-border-radius:10px 10px 10px 10px;--awb-width-large:33.333333333333%;--awb-margin-top-large:0px;--awb-spacing-right-large:50px;--awb-margin-bottom-large:20px;--awb-spacing-left-large:50px;--awb-width-medium:33.333333333333%;--awb-order-medium:0;--awb-spacing-right-medium:50px;--awb-spacing-left-medium:50px;--awb-width-small:100%;--awb-order-small:0;--awb-spacing-right-small:50px;--awb-spacing-left-small:50px;--awb-sticky-offset:230px;\"><div class=\"fusion-column-wrapper fusion-column-has-shadow fusion-flex-justify-content-flex-start fusion-content-layout-column\"><div class=\"fusion-title title fusion-title-1 fusion-sep-none fusion-title-text fusion-title-size-four\"><h4 class=\"title-heading-left\" style=\"margin:0;\">R\u00e9ception<\/h4><\/div><nav class=\"awb-menu awb-menu_column awb-menu_em-hover mobile-mode-collapse-to-button awb-menu_icons-left awb-menu_dc-yes mobile-trigger-fullwidth-off awb-menu_mobile-toggle awb-menu_indent-left mobile-size-full-absolute loading mega-menu-loading awb-menu_desktop awb-menu_dropdown awb-menu_expand-right awb-menu_transition-fade fusion-no-small-visibility\" style=\"--awb-gap:20px;--awb-items-padding-top:0px;--awb-active-color:var(--awb-color2);--awb-submenu-space:0;--awb-icons-size:20;--awb-main-justify-content:flex-start;--awb-mobile-justify:flex-start;--awb-mobile-caret-left:auto;--awb-mobile-caret-right:0;--awb-fusion-font-family-typography:inherit;--awb-fusion-font-style-typography:normal;--awb-fusion-font-weight-typography:400;--awb-fusion-font-family-submenu-typography:inherit;--awb-fusion-font-style-submenu-typography:normal;--awb-fusion-font-weight-submenu-typography:400;--awb-fusion-font-family-mobile-typography:inherit;--awb-fusion-font-style-mobile-typography:normal;--awb-fusion-font-weight-mobile-typography:400;\" aria-label=\"Menu\" data-breakpoint=\"0\" data-count=\"0\" data-transition-type=\"fade\" data-transition-time=\"300\"><ul id=\"menu-accoglienza-francese\" class=\"fusion-menu awb-menu__main-ul awb-menu__main-ul_column\"><li  id=\"menu-item-6602\"  class=\"menu-item menu-item-type-post_type menu-item-object-page menu-item-6602 awb-menu__li awb-menu__main-li awb-menu__main-li_regular\"  data-item-id=\"6602\"><span class=\"awb-menu__main-background-default awb-menu__main-background-default_fade\"><\/span><span class=\"awb-menu__main-background-active awb-menu__main-background-active_fade\"><\/span><a  href=\"https:\/\/rome2024.org\/fr\/reception\/partenaire-officiel-dhospitalite\/\" class=\"awb-menu__main-a awb-menu__main-a_regular fusion-flex-link\"><span class=\"awb-menu__i awb-menu__i_main fusion-megamenu-icon\"><i class=\"glyphicon fa-hotel fas\" aria-hidden=\"true\"><\/i><\/span><span class=\"menu-text\">Partenaire officiel d&rsquo;hospitalit\u00e9<\/span><\/a><\/li><li  id=\"menu-item-9540\"  class=\"menu-item menu-item-type-post_type menu-item-object-page menu-item-9540 awb-menu__li awb-menu__main-li awb-menu__main-li_regular\"  data-item-id=\"9540\"><span class=\"awb-menu__main-background-default awb-menu__main-background-default_fade\"><\/span><span class=\"awb-menu__main-background-active awb-menu__main-background-active_fade\"><\/span><a  href=\"https:\/\/rome2024.org\/fr\/reception\/reservation-dhotel\/\" class=\"awb-menu__main-a awb-menu__main-a_regular fusion-flex-link\"><span class=\"awb-menu__i awb-menu__i_main fusion-megamenu-icon\"><i class=\"glyphicon fa-bed fas\" aria-hidden=\"true\"><\/i><\/span><span class=\"menu-text\">R\u00e9servation d&rsquo;h\u00f4tel<\/span><\/a><\/li><li  id=\"menu-item-6603\"  class=\"menu-item menu-item-type-post_type menu-item-object-page menu-item-6603 awb-menu__li awb-menu__main-li awb-menu__main-li_regular\"  data-item-id=\"6603\"><span class=\"awb-menu__main-background-default awb-menu__main-background-default_fade\"><\/span><span class=\"awb-menu__main-background-active awb-menu__main-background-active_fade\"><\/span><a  href=\"https:\/\/rome2024.org\/fr\/reception\/services-de-cartes\/\" class=\"awb-menu__main-a awb-menu__main-a_regular fusion-flex-link\"><span class=\"awb-menu__i awb-menu__i_main fusion-megamenu-icon\"><i class=\"glyphicon fa-id-card fas\" aria-hidden=\"true\"><\/i><\/span><span class=\"menu-text\">Services de cartes<\/span><\/a><\/li><li  id=\"menu-item-6604\"  class=\"menu-item menu-item-type-post_type menu-item-object-page menu-item-6604 awb-menu__li awb-menu__main-li awb-menu__main-li_regular\"  data-item-id=\"6604\"><span class=\"awb-menu__main-background-default awb-menu__main-background-default_fade\"><\/span><span class=\"awb-menu__main-background-active awb-menu__main-background-active_fade\"><\/span><a  href=\"https:\/\/rome2024.org\/fr\/reception\/visa-pour-litalie\/\" class=\"awb-menu__main-a awb-menu__main-a_regular fusion-flex-link\"><span class=\"awb-menu__i awb-menu__i_main fusion-megamenu-icon\"><i class=\"glyphicon fa-digital-tachograph fas\" aria-hidden=\"true\"><\/i><\/span><span class=\"menu-text\">Visa pour l&rsquo;Italie<\/span><\/a><\/li><\/ul><\/nav><div class=\"fusion-image-element \" style=\"--awb-margin-top:30px;--awb-margin-right:-20px;--awb-margin-bottom:0px;--awb-margin-left:-20px;--awb-caption-title-size:var(--h2_typography-font-size);--awb-caption-title-transform:var(--h2_typography-text-transform);--awb-caption-title-line-height:var(--h2_typography-line-height);--awb-caption-title-letter-spacing:var(--h2_typography-letter-spacing);\"><span class=\" fusion-imageframe imageframe-none imageframe-1 hover-type-none\"><img decoding=\"async\" width=\"2560\" height=\"1707\" title=\"ROMA06\" src=\"https:\/\/rome2024.org\/wp-content\/uploads\/2023\/02\/ROMA06-scaled.jpg\" data-orig-src=\"https:\/\/rome2024.org\/wp-content\/uploads\/2023\/02\/ROMA06-scaled.jpg\" alt class=\"lazyload img-responsive wp-image-6157\" srcset=\"data:image\/svg+xml,%3Csvg%20xmlns%3D%27http%3A%2F%2Fwww.w3.org%2F2000%2Fsvg%27%20width%3D%272560%27%20height%3D%271707%27%20viewBox%3D%270%200%202560%201707%27%3E%3Crect%20width%3D%272560%27%20height%3D%271707%27%20fill-opacity%3D%220%22%2F%3E%3C%2Fsvg%3E\" data-srcset=\"https:\/\/rome2024.org\/wp-content\/uploads\/2023\/02\/ROMA06-200x133.jpg 200w, https:\/\/rome2024.org\/wp-content\/uploads\/2023\/02\/ROMA06-400x267.jpg 400w, https:\/\/rome2024.org\/wp-content\/uploads\/2023\/02\/ROMA06-600x400.jpg 600w, https:\/\/rome2024.org\/wp-content\/uploads\/2023\/02\/ROMA06-800x533.jpg 800w, https:\/\/rome2024.org\/wp-content\/uploads\/2023\/02\/ROMA06-1200x800.jpg 1200w, https:\/\/rome2024.org\/wp-content\/uploads\/2023\/02\/ROMA06-scaled.jpg 2560w\" data-sizes=\"auto\" data-orig-sizes=\"(max-width: 450px) 100vw, 400px\" \/><\/span><\/div><\/div><\/div>\n<div class=\"fusion-layout-column fusion_builder_column fusion-builder-column-1 fusion_builder_column_2_3 2_3 fusion-flex-column\" style=\"--awb-bg-size:cover;--awb-width-large:66.666666666667%;--awb-margin-top-large:0px;--awb-spacing-right-large:50px;--awb-margin-bottom-large:0px;--awb-spacing-left-large:50px;--awb-width-medium:66.666666666667%;--awb-order-medium:0;--awb-spacing-right-medium:50px;--awb-spacing-left-medium:50px;--awb-width-small:100%;--awb-order-small:0;--awb-spacing-right-small:50px;--awb-spacing-left-small:50px;\"><div class=\"fusion-column-wrapper fusion-column-has-shadow fusion-flex-justify-content-flex-start fusion-content-layout-column\"><div class=\"fusion-text fusion-text-1\">\n<\/div><div class=\"accordian fusion-accordian\" style=\"--awb-border-size:1px;--awb-icon-size:16px;--awb-content-font-size:var(--awb-typography4-font-size);--awb-icon-alignment:left;--awb-hover-color:var(--awb-color2);--awb-border-color:var(--awb-color3);--awb-background-color:var(--awb-color1);--awb-divider-color:var(--awb-color3);--awb-divider-hover-color:var(--awb-color3);--awb-icon-color:var(--awb-color1);--awb-title-color:var(--awb-color8);--awb-content-color:var(--awb-color8);--awb-icon-box-color:var(--awb-color8);--awb-toggle-hover-accent-color:var(--awb-color5);--awb-title-font-family:var(--awb-typography1-font-family);--awb-title-font-weight:var(--awb-typography1-font-weight);--awb-title-font-style:var(--awb-typography1-font-style);--awb-title-font-size:24px;--awb-title-letter-spacing:var(--awb-typography1-letter-spacing);--awb-title-line-height:var(--awb-typography1-line-height);--awb-content-font-family:var(--awb-typography4-font-family);--awb-content-font-weight:var(--awb-typography4-font-weight);--awb-content-font-style:var(--awb-typography4-font-style);\"><div class=\"panel-group fusion-toggle-icon-boxed\" id=\"accordion-7008-1\"><div class=\"fusion-panel panel-default panel-8b5ac79e7a85c409e fusion-toggle-has-divider\" style=\"--awb-title-color:var(--awb-color8);\"><div class=\"panel-heading\"><h4 class=\"panel-title toggle\" id=\"toggle_8b5ac79e7a85c409e\"><a aria-expanded=\"false\" aria-controls=\"8b5ac79e7a85c409e\" role=\"button\" data-toggle=\"collapse\" data-parent=\"#accordion-7008-1\" data-target=\"#8b5ac79e7a85c409e\" href=\"#8b5ac79e7a85c409e\"><span class=\"fusion-toggle-icon-wrapper\" aria-hidden=\"true\"><i class=\"fa-fusion-box active-icon awb-icon-minus\" aria-hidden=\"true\"><\/i><i class=\"fa-fusion-box inactive-icon awb-icon-plus\" aria-hidden=\"true\"><\/i><\/span><span class=\"fusion-toggle-heading\">Le prix comprend<\/span><\/a><\/h4><\/div><div id=\"8b5ac79e7a85c409e\" class=\"panel-collapse collapse \" araia-labelledby=\"toggle_8b5ac79e7a85c409e\"><div class=\"panel-body toggle-content fusion-clearfix\">\n<p><strong>H\u00e9bergement \u00e0 l&rsquo;h\u00f4tel<\/strong><\/p>\n<ul>\n<li>Nuit\u00e9e<\/li>\n<li>Petit d\u00e9jeuner inclus<\/li>\n<\/ul>\n<p><strong>Service de navette<\/strong><\/p>\n<ul>\n<li><strong>H\u00f4tel\/Lieu du championnat\/H\u00f4tel<\/strong> tous les jours \u00e0 heures fixes pendant la p\u00e9riode de comp\u00e9tition uniquement<\/li>\n<\/ul>\n<p><strong>Visite culturelle<\/strong><\/p>\n<ul>\n<li>Bon pour visiter un site d&rsquo;int\u00e9r\u00eat historique et culturel<\/li>\n<\/ul>\n<p><strong>Carte de Services<\/strong><\/p>\n<ul>\n<li>R\u00e9ductions:\n<ul>\n<li>10% pour le <strong>D\u00eener de Gala<\/strong> du 10.07.2024<\/li>\n<li>20% pour le <strong>Farewell Party<\/strong> du 13.07.2024<\/li>\n<li>10% sur l&rsquo;achat de <strong>marchandises<\/strong> \u00e0 l&rsquo;int\u00e9rieur de la Fiera di Roma<\/li>\n<li>10% sur l&rsquo;achat d&rsquo;un forfait parking Fiera di Roma<\/li>\n<li>10% sur les frais d<strong>&lsquo;accr\u00e9ditation des accompagnants<\/strong><\/li>\n<\/ul>\n<\/li>\n<\/ul>\n<\/div><\/div><\/div><div class=\"fusion-panel panel-default panel-a9fe0315684309b93 fusion-toggle-has-divider\" style=\"--awb-title-color:var(--awb-color8);\"><div class=\"panel-heading\"><h4 class=\"panel-title toggle\" id=\"toggle_a9fe0315684309b93\"><a aria-expanded=\"false\" aria-controls=\"a9fe0315684309b93\" role=\"button\" data-toggle=\"collapse\" data-parent=\"#accordion-7008-1\" data-target=\"#a9fe0315684309b93\" href=\"#a9fe0315684309b93\"><span class=\"fusion-toggle-icon-wrapper\" aria-hidden=\"true\"><i class=\"fa-fusion-box active-icon awb-icon-minus\" aria-hidden=\"true\"><\/i><i class=\"fa-fusion-box inactive-icon awb-icon-plus\" aria-hidden=\"true\"><\/i><\/span><span class=\"fusion-toggle-heading\">La redevance ne comprend pas<\/span><\/a><\/h4><\/div><div id=\"a9fe0315684309b93\" class=\"panel-collapse collapse \" araia-labelledby=\"toggle_a9fe0315684309b93\"><div class=\"panel-body toggle-content fusion-clearfix\">\n<p>La taxe de s\u00e9jour et tout ce qui n&rsquo;est pas express\u00e9ment indiqu\u00e9 dans le \u00ab\u00a0prix comprend\u00a0\u00bb<\/p>\n<\/div><\/div><\/div><div class=\"fusion-panel panel-default panel-ca17634c186dca458 fusion-toggle-has-divider\" style=\"--awb-title-color:var(--awb-color8);\"><div class=\"panel-heading\"><h4 class=\"panel-title toggle\" id=\"toggle_ca17634c186dca458\"><a aria-expanded=\"false\" aria-controls=\"ca17634c186dca458\" role=\"button\" data-toggle=\"collapse\" data-parent=\"#accordion-7008-1\" data-target=\"#ca17634c186dca458\" href=\"#ca17634c186dca458\"><span class=\"fusion-toggle-icon-wrapper\" aria-hidden=\"true\"><i class=\"fa-fusion-box active-icon awb-icon-minus\" aria-hidden=\"true\"><\/i><i class=\"fa-fusion-box inactive-icon awb-icon-plus\" aria-hidden=\"true\"><\/i><\/span><span class=\"fusion-toggle-heading\">Politiques d'annulation<\/span><\/a><\/h4><\/div><div id=\"ca17634c186dca458\" class=\"panel-collapse collapse \" araia-labelledby=\"toggle_ca17634c186dca458\"><div class=\"panel-body toggle-content fusion-clearfix\"><\/div><\/div><\/div><\/div><\/div><\/div><\/div><\/div><\/div>\n","protected":false},"excerpt":{"rendered":"","protected":false},"author":5,"featured_media":0,"parent":10028,"menu_order":0,"comment_status":"closed","ping_status":"closed","template":"100-width.php","meta":{"footnotes":""},"class_list":["post-7008","page","type-page","status-publish","hentry"],"_links":{"self":[{"href":"https:\/\/rome2024.org\/fr\/wp-json\/wp\/v2\/pages\/7008","targetHints":{"allow":["GET"]}}],"collection":[{"href":"https:\/\/rome2024.org\/fr\/wp-json\/wp\/v2\/pages"}],"about":[{"href":"https:\/\/rome2024.org\/fr\/wp-json\/wp\/v2\/types\/page"}],"author":[{"embeddable":true,"href":"https:\/\/rome2024.org\/fr\/wp-json\/wp\/v2\/users\/5"}],"replies":[{"embeddable":true,"href":"https:\/\/rome2024.org\/fr\/wp-json\/wp\/v2\/comments?post=7008"}],"version-history":[{"count":0,"href":"https:\/\/rome2024.org\/fr\/wp-json\/wp\/v2\/pages\/7008\/revisions"}],"up":[{"embeddable":true,"href":"https:\/\/rome2024.org\/fr\/wp-json\/wp\/v2\/pages\/10028"}],"wp:attachment":[{"href":"https:\/\/rome2024.org\/fr\/wp-json\/wp\/v2\/media?parent=7008"}],"curies":[{"name":"wp","href":"https:\/\/api.w.org\/{rel}","templated":true}]}}